{"id":8,"date":"2018-12-19T16:52:33","date_gmt":"2018-12-19T15:52:33","guid":{"rendered":"http:\/\/spirutech.fr\/?page_id=8"},"modified":"2022-02-01T09:13:44","modified_gmt":"2022-02-01T08:13:44","slug":"a-propos-de","status":"publish","type":"page","link":"https:\/\/www.spirutech.fr\/","title":{"rendered":"Accueil"},"content":{"rendered":"<p>Cr\u00e9e en 2016, <em><strong>Spirutech<\/strong> est sp\u00e9cialis\u00e9 dans<\/em> d&rsquo;\u00e9quipement technique pour la culture de spiruline. Elle est issue de la ferme <strong><em>Spiruline Solaire<\/em><\/strong> dans les Alpes de Haut Provence, et met l&rsquo;exp\u00e9rience et le savoir-faire du producteur au service des petites et moyennes exploitations.<\/p>\n<p>\u00a0<\/p>\n<p>\u00a0<\/p>\n<p>\u00a0<\/p>\n<p>\u00a0<\/p>\n\n\n<p class=\"has-medium-font-size\"><strong>Le Filtre Rotatif est l&rsquo;\u00e9l\u00e9ment cl\u00e9 de<\/strong> <strong>la production de Spiruline<\/strong><\/p>\n","protected":false},"excerpt":{"rendered":"<p>Cr\u00e9e en 2016, Spirutech est sp\u00e9cialis\u00e9 dans d&rsquo;\u00e9quipement technique pour la culture de spiruline. Elle est issue de la ferme Spiruline Solaire dans les Alpes de Haut Provence, et met l&rsquo;exp\u00e9rience et le savoir-faire du producteur au service des petites et moyennes exploitations. \u00a0 \u00a0 \u00a0 \u00a0 Le Filtre Rotatif est l&rsquo;\u00e9l\u00e9ment cl\u00e9 de la &hellip; <\/p>\n<p class=\"link-more\"><a href=\"https:\/\/www.spirutech.fr\/\" class=\"more-link\">Continuer la lecture<span class=\"screen-reader-text\"> de &laquo;&nbsp;Accueil&nbsp;&raquo;<\/span><\/a><\/p>\n","protected":false},"author":1,"featured_media":0,"parent":0,"menu_order":0,"comment_status":"closed","ping_status":"closed","template":"","meta":[],"_links":{"self":[{"href":"https:\/\/www.spirutech.fr\/index.php\/wp-json\/wp\/v2\/pages\/8"}],"collection":[{"href":"https:\/\/www.spirutech.fr\/index.php\/wp-json\/wp\/v2\/pages"}],"about":[{"href":"https:\/\/www.spirutech.fr\/index.php\/wp-json\/wp\/v2\/types\/page"}],"author":[{"embeddable":true,"href":"https:\/\/www.spirutech.fr\/index.php\/wp-json\/wp\/v2\/users\/1"}],"replies":[{"embeddable":true,"href":"https:\/\/www.spirutech.fr\/index.php\/wp-json\/wp\/v2\/comments?post=8"}],"version-history":[{"count":12,"href":"https:\/\/www.spirutech.fr\/index.php\/wp-json\/wp\/v2\/pages\/8\/revisions"}],"predecessor-version":[{"id":459,"href":"https:\/\/www.spirutech.fr\/index.php\/wp-json\/wp\/v2\/pages\/8\/revisions\/459"}],"wp:attachment":[{"href":"https:\/\/www.spirutech.fr\/index.php\/wp-json\/wp\/v2\/media?parent=8"}],"curies":[{"name":"wp","href":"https:\/\/api.w.org\/{rel}","templated":true}]}}