{"id":377,"date":"2022-01-30T13:09:09","date_gmt":"2022-01-30T12:09:09","guid":{"rendered":"http:\/\/www.spirutech.fr\/?page_id=377"},"modified":"2022-01-31T00:26:30","modified_gmt":"2022-01-30T23:26:30","slug":"spirutech-dans-le-monde","status":"publish","type":"page","link":"https:\/\/www.spirutech.fr\/index.php\/spirutech-dans-le-monde\/","title":{"rendered":"Quelques Vid\u00e9os"},"content":{"rendered":"\n<p>exemples d&rsquo;utilisation de la recolteuse<\/p>\n\n\n\n<figure class=\"wp-block-embed is-type-video is-provider-youtube wp-block-embed-youtube wp-embed-aspect-16-9 wp-has-aspect-ratio\"><div class=\"wp-block-embed__wrapper\">\n<iframe loading=\"lazy\" title=\"Re\u00e9colteuse de Spiruline\" width=\"525\" height=\"295\" src=\"https:\/\/www.youtube.com\/embed\/xZwyaNoJSuU?feature=oembed\" frameborder=\"0\" allow=\"accelerometer; autoplay; clipboard-write; encrypted-media; gyroscope; picture-in-picture\" allowfullscreen><\/iframe>\n<\/div><figcaption><a href=\"http:\/\/spirulinesolaire.com\">http:\/\/spirulinesolaire.com<\/a><\/figcaption><\/figure>\n\n\n\n<p><\/p>\n\n\n\n<figure class=\"wp-block-embed is-type-video is-provider-youtube wp-block-embed-youtube wp-embed-aspect-4-3 wp-has-aspect-ratio\"><div class=\"wp-block-embed__wrapper\">\n<iframe loading=\"lazy\" title=\"R\u00e9colteuse de spiruline SPIFORM\" width=\"525\" height=\"394\" src=\"https:\/\/www.youtube.com\/embed\/e8Lxe15MKxw?feature=oembed\" frameborder=\"0\" allow=\"accelerometer; autoplay; clipboard-write; encrypted-media; gyroscope; picture-in-picture\" allowfullscreen><\/iframe>\n<\/div><figcaption><a href=\"https:\/\/www.spiform.fr\">https:\/\/www.spiform.fr<\/a><\/figcaption><\/figure>\n\n\n\n<p><\/p>\n\n\n\n<figure class=\"wp-block-embed is-type-video is-provider-youtube wp-block-embed-youtube wp-embed-aspect-16-9 wp-has-aspect-ratio\"><div class=\"wp-block-embed__wrapper\">\n<iframe loading=\"lazy\" title=\"Culture de spiruline \u00e0 la ferme Croqu&#039; la vie \u00e0 Saint Christol dans l&#039;H\u00e9rault\" width=\"525\" height=\"295\" src=\"https:\/\/www.youtube.com\/embed\/XCOgeoWncMo?start=179&#038;feature=oembed\" frameborder=\"0\" allow=\"accelerometer; autoplay; clipboard-write; encrypted-media; gyroscope; picture-in-picture\" allowfullscreen><\/iframe>\n<\/div><figcaption><a href=\"https:\/\/spirulinecroqulavie.com\">https:\/\/spirulinecroqulavie.com<\/a><\/figcaption><\/figure>\n\n\n\n<p><\/p>\n\n\n\n<figure class=\"wp-block-embed is-type-video is-provider-youtube wp-block-embed-youtube wp-embed-aspect-16-9 wp-has-aspect-ratio\"><div class=\"wp-block-embed__wrapper\">\n<iframe loading=\"lazy\" title=\"R\u00e9colte chez &quot;Spiruline d&#039;Olt&quot;\" width=\"525\" height=\"295\" src=\"https:\/\/www.youtube.com\/embed\/-4sRW2o7RqY?feature=oembed\" frameborder=\"0\" allow=\"accelerometer; autoplay; clipboard-write; encrypted-media; gyroscope; picture-in-picture\" allowfullscreen><\/iframe>\n<\/div><figcaption><a href=\"https:\/\/spirulinedolt.fr\">https:\/\/spirulinedolt.fr<\/a><\/figcaption><\/figure>\n\n\n\n<p><\/p>\n\n\n\n<figure class=\"wp-block-embed is-type-video is-provider-youtube wp-block-embed-youtube wp-embed-aspect-16-9 wp-has-aspect-ratio\"><div class=\"wp-block-embed__wrapper\">\n<iframe loading=\"lazy\" title=\"PRODUCTEUR DE SPIRULINE\" width=\"525\" height=\"295\" src=\"https:\/\/www.youtube.com\/embed\/Qna81rSlvPQ?feature=oembed\" frameborder=\"0\" allow=\"accelerometer; autoplay; clipboard-write; encrypted-media; gyroscope; picture-in-picture\" allowfullscreen><\/iframe>\n<\/div><figcaption><a href=\"https:\/\/www.spiruline-ventoux-luberon.fr\">https:\/\/www.spiruline-ventoux-luberon.fr<\/a><\/figcaption><\/figure>\n\n\n\n<p><\/p>\n\n\n\n<figure class=\"wp-block-embed is-type-video is-provider-youtube wp-block-embed-youtube wp-embed-aspect-16-9 wp-has-aspect-ratio\"><div class=\"wp-block-embed__wrapper\">\n<iframe loading=\"lazy\" title=\"A la ferme de spiruline\" width=\"525\" height=\"295\" src=\"https:\/\/www.youtube.com\/embed\/W8LT9Ik697Y?start=144&#038;feature=oembed\" frameborder=\"0\" allow=\"accelerometer; autoplay; clipboard-write; encrypted-media; gyroscope; picture-in-picture\" allowfullscreen><\/iframe>\n<\/div><figcaption><a href=\"https:\/\/spirulinearcenciel.com\">https:\/\/spirulinearcenciel.com<\/a><\/figcaption><\/figure>\n\n\n\n<p><\/p>\n\n\n\n<figure class=\"wp-block-embed is-type-video is-provider-youtube wp-block-embed-youtube wp-embed-aspect-16-9 wp-has-aspect-ratio\"><div class=\"wp-block-embed__wrapper\">\n<iframe loading=\"lazy\" title=\"La Spiruline de Haute Saintonge\" width=\"525\" height=\"295\" src=\"https:\/\/www.youtube.com\/embed\/J3UEykriSMg?feature=oembed\" frameborder=\"0\" allow=\"accelerometer; autoplay; clipboard-write; encrypted-media; gyroscope; picture-in-picture\" allowfullscreen><\/iframe>\n<\/div><figcaption><a href=\"https:\/\/www.spiruline-fr.com\">https:\/\/www.spiruline-fr.com<\/a><\/figcaption><\/figure>\n","protected":false},"excerpt":{"rendered":"<p>exemples d&rsquo;utilisation de la recolteuse<\/p>\n","protected":false},"author":1,"featured_media":0,"parent":0,"menu_order":0,"comment_status":"closed","ping_status":"closed","template":"","meta":[],"_links":{"self":[{"href":"https:\/\/www.spirutech.fr\/index.php\/wp-json\/wp\/v2\/pages\/377"}],"collection":[{"href":"https:\/\/www.spirutech.fr\/index.php\/wp-json\/wp\/v2\/pages"}],"about":[{"href":"https:\/\/www.spirutech.fr\/index.php\/wp-json\/wp\/v2\/types\/page"}],"author":[{"embeddable":true,"href":"https:\/\/www.spirutech.fr\/index.php\/wp-json\/wp\/v2\/users\/1"}],"replies":[{"embeddable":true,"href":"https:\/\/www.spirutech.fr\/index.php\/wp-json\/wp\/v2\/comments?post=377"}],"version-history":[{"count":15,"href":"https:\/\/www.spirutech.fr\/index.php\/wp-json\/wp\/v2\/pages\/377\/revisions"}],"predecessor-version":[{"id":408,"href":"https:\/\/www.spirutech.fr\/index.php\/wp-json\/wp\/v2\/pages\/377\/revisions\/408"}],"wp:attachment":[{"href":"https:\/\/www.spirutech.fr\/index.php\/wp-json\/wp\/v2\/media?parent=377"}],"curies":[{"name":"wp","href":"https:\/\/api.w.org\/{rel}","templated":true}]}}