{"id":317,"date":"2022-01-29T15:29:05","date_gmt":"2022-01-29T14:29:05","guid":{"rendered":"http:\/\/spirutech.fr\/?page_id=317"},"modified":"2022-01-29T15:36:22","modified_gmt":"2022-01-29T14:36:22","slug":"le-solaire","status":"publish","type":"page","link":"https:\/\/www.spirutech.fr\/index.php\/le-solaire\/","title":{"rendered":"Le Solaire"},"content":{"rendered":"\n<figure class=\"wp-block-gallery columns-3 is-cropped\"><ul class=\"blocks-gallery-grid\"><li class=\"blocks-gallery-item\"><figure><img loading=\"lazy\" width=\"1024\" height=\"768\" src=\"http:\/\/spirutech.fr\/wp-content\/uploads\/2018\/12\/solaire-tournant-fini-1024x768.jpg\" alt=\"\" data-id=\"115\" data-full-url=\"http:\/\/spirutech.fr\/wp-content\/uploads\/2018\/12\/solaire-tournant-fini.jpg\" data-link=\"http:\/\/spirutech.fr\/solaire-tournant-fini\/\" class=\"wp-image-115\" srcset=\"https:\/\/www.spirutech.fr\/wp-content\/uploads\/2018\/12\/solaire-tournant-fini.jpg 1024w, https:\/\/www.spirutech.fr\/wp-content\/uploads\/2018\/12\/solaire-tournant-fini-300x225.jpg 300w, https:\/\/www.spirutech.fr\/wp-content\/uploads\/2018\/12\/solaire-tournant-fini-768x576.jpg 768w\" sizes=\"(max-width: 767px) 89vw, (max-width: 1000px) 54vw, (max-width: 1071px) 543px, 580px\" \/><figcaption class=\"blocks-gallery-item__caption\">panneaux solaires mobiles<\/figcaption><\/figure><\/li><li class=\"blocks-gallery-item\"><figure><img loading=\"lazy\" width=\"1024\" height=\"768\" src=\"http:\/\/spirutech.fr\/wp-content\/uploads\/2018\/12\/solaire-tournant-arri\u00e8re-1024x768.jpg\" alt=\"\" data-id=\"114\" data-full-url=\"http:\/\/spirutech.fr\/wp-content\/uploads\/2018\/12\/solaire-tournant-arri\u00e8re.jpg\" data-link=\"http:\/\/spirutech.fr\/solaire-tournant-arriere\/\" class=\"wp-image-114\" srcset=\"https:\/\/www.spirutech.fr\/wp-content\/uploads\/2018\/12\/solaire-tournant-arri\u00e8re.jpg 1024w, https:\/\/www.spirutech.fr\/wp-content\/uploads\/2018\/12\/solaire-tournant-arri\u00e8re-300x225.jpg 300w, https:\/\/www.spirutech.fr\/wp-content\/uploads\/2018\/12\/solaire-tournant-arri\u00e8re-768x576.jpg 768w\" sizes=\"(max-width: 767px) 89vw, (max-width: 1000px) 54vw, (max-width: 1071px) 543px, 580px\" \/><figcaption class=\"blocks-gallery-item__caption\">caisson a batteries<\/figcaption><\/figure><\/li><li class=\"blocks-gallery-item\"><figure><img loading=\"lazy\" width=\"1024\" height=\"768\" src=\"http:\/\/spirutech.fr\/wp-content\/uploads\/2018\/12\/solaire-tournant-1024x768.jpg\" alt=\"\" data-id=\"116\" data-full-url=\"http:\/\/spirutech.fr\/wp-content\/uploads\/2018\/12\/solaire-tournant.jpg\" data-link=\"http:\/\/spirutech.fr\/solaire-tournant\/\" class=\"wp-image-116\" srcset=\"https:\/\/www.spirutech.fr\/wp-content\/uploads\/2018\/12\/solaire-tournant.jpg 1024w, https:\/\/www.spirutech.fr\/wp-content\/uploads\/2018\/12\/solaire-tournant-300x225.jpg 300w, https:\/\/www.spirutech.fr\/wp-content\/uploads\/2018\/12\/solaire-tournant-768x576.jpg 768w\" sizes=\"(max-width: 767px) 89vw, (max-width: 1000px) 54vw, (max-width: 1071px) 543px, 580px\" \/><figcaption class=\"blocks-gallery-item__caption\">r\u00e9gulateur de position<\/figcaption><\/figure><\/li><\/ul><\/figure>\n\n\n\n<p>Aux d\u00e9buts de la ferme de Spiruline Solaire, les panneaux photo\u00e9lectriques \u00e9taient tr\u00e8s couteux et il fallait rentabiliser la surface au maximum. <\/p>\n\n\n\n<p>C&rsquo;est sur le cerclage acier d&rsquo;une bobine de c\u00e2bles  qu&rsquo;est pos\u00e9 la station solaire mobile qui suit le soleil gr\u00e2ce a son m\u00e9canisme a horloge: Un interrupteur programmable m\u00e9canique suit son cycle de 24h et actionne un relais qui enclenche le moteur pour r\u00e9ajuster les panneaux p\u00e9riodiquement. En fin de journ\u00e9e, l&rsquo;ensemble mobile touche un autre contact qui fait alors marche arri\u00e8re.<\/p>\n\n\n\n<p>Le parc de batt\u00e9ries est situ\u00e9 sur la partie mobile pour stabiliser la structure si bien qu&rsquo;aucune temp\u00e8te n&rsquo;a reussi a la renverser. <\/p>\n\n\n\n<p>Cependant des pannes r\u00e9p\u00e9t\u00e9es du m\u00e9canisme de r\u00e9glage ont fait qu&rsquo;a la chute des prix survenue apr\u00e8s 2012, nous avons investi dans un parc fixe orient\u00e9 d&rsquo;est en ouest. <\/p>\n\n\n\n<p><\/p>\n\n\n\n<p><\/p>\n","protected":false},"excerpt":{"rendered":"<p>Aux d\u00e9buts de la ferme de Spiruline Solaire, les panneaux photo\u00e9lectriques \u00e9taient tr\u00e8s couteux et il fallait rentabiliser la surface au maximum. C&rsquo;est sur le cerclage acier d&rsquo;une bobine de c\u00e2bles qu&rsquo;est pos\u00e9 la station solaire mobile qui suit le soleil gr\u00e2ce a son m\u00e9canisme a horloge: Un interrupteur programmable m\u00e9canique suit son cycle de &hellip; <\/p>\n<p class=\"link-more\"><a href=\"https:\/\/www.spirutech.fr\/index.php\/le-solaire\/\" class=\"more-link\">Continuer la lecture<span class=\"screen-reader-text\"> de &laquo;&nbsp;Le Solaire&nbsp;&raquo;<\/span><\/a><\/p>\n","protected":false},"author":1,"featured_media":0,"parent":0,"menu_order":0,"comment_status":"closed","ping_status":"closed","template":"","meta":[],"_links":{"self":[{"href":"https:\/\/www.spirutech.fr\/index.php\/wp-json\/wp\/v2\/pages\/317"}],"collection":[{"href":"https:\/\/www.spirutech.fr\/index.php\/wp-json\/wp\/v2\/pages"}],"about":[{"href":"https:\/\/www.spirutech.fr\/index.php\/wp-json\/wp\/v2\/types\/page"}],"author":[{"embeddable":true,"href":"https:\/\/www.spirutech.fr\/index.php\/wp-json\/wp\/v2\/users\/1"}],"replies":[{"embeddable":true,"href":"https:\/\/www.spirutech.fr\/index.php\/wp-json\/wp\/v2\/comments?post=317"}],"version-history":[{"count":2,"href":"https:\/\/www.spirutech.fr\/index.php\/wp-json\/wp\/v2\/pages\/317\/revisions"}],"predecessor-version":[{"id":320,"href":"https:\/\/www.spirutech.fr\/index.php\/wp-json\/wp\/v2\/pages\/317\/revisions\/320"}],"wp:attachment":[{"href":"https:\/\/www.spirutech.fr\/index.php\/wp-json\/wp\/v2\/media?parent=317"}],"curies":[{"name":"wp","href":"https:\/\/api.w.org\/{rel}","templated":true}]}}