{"id":314,"date":"2022-01-29T15:15:48","date_gmt":"2022-01-29T14:15:48","guid":{"rendered":"http:\/\/spirutech.fr\/?page_id=314"},"modified":"2022-01-29T15:15:49","modified_gmt":"2022-01-29T14:15:49","slug":"ca-rame","status":"publish","type":"page","link":"https:\/\/www.spirutech.fr\/index.php\/ca-rame\/","title":{"rendered":"\u00e7a rame&#8230;"},"content":{"rendered":"\n<figure class=\"wp-block-gallery columns-3 is-cropped\"><ul class=\"blocks-gallery-grid\"><li class=\"blocks-gallery-item\"><figure><img loading=\"lazy\" width=\"1024\" height=\"768\" src=\"http:\/\/spirutech.fr\/wp-content\/uploads\/2018\/12\/roue-a-aube-inox-1024x768.jpg\" alt=\"\" data-id=\"83\" data-full-url=\"http:\/\/spirutech.fr\/wp-content\/uploads\/2018\/12\/roue-a-aube-inox.jpg\" data-link=\"http:\/\/spirutech.fr\/roue-a-aube-inox\/\" class=\"wp-image-83\" srcset=\"https:\/\/www.spirutech.fr\/wp-content\/uploads\/2018\/12\/roue-a-aube-inox.jpg 1024w, https:\/\/www.spirutech.fr\/wp-content\/uploads\/2018\/12\/roue-a-aube-inox-300x225.jpg 300w, https:\/\/www.spirutech.fr\/wp-content\/uploads\/2018\/12\/roue-a-aube-inox-768x576.jpg 768w\" sizes=\"(max-width: 767px) 89vw, (max-width: 1000px) 54vw, (max-width: 1071px) 543px, 580px\" \/><figcaption class=\"blocks-gallery-item__caption\">premiere roue en inox 0.8m<\/figcaption><\/figure><\/li><li class=\"blocks-gallery-item\"><figure><img loading=\"lazy\" width=\"1024\" height=\"768\" src=\"http:\/\/spirutech.fr\/wp-content\/uploads\/2018\/12\/bassin-variable-1024x768.jpg\" alt=\"\" data-id=\"90\" data-full-url=\"http:\/\/spirutech.fr\/wp-content\/uploads\/2018\/12\/bassin-variable.jpg\" data-link=\"http:\/\/spirutech.fr\/index.php\/autres-inventions\/bassin-variable\/\" class=\"wp-image-90\" srcset=\"https:\/\/www.spirutech.fr\/wp-content\/uploads\/2018\/12\/bassin-variable.jpg 1024w, https:\/\/www.spirutech.fr\/wp-content\/uploads\/2018\/12\/bassin-variable-300x225.jpg 300w, https:\/\/www.spirutech.fr\/wp-content\/uploads\/2018\/12\/bassin-variable-768x576.jpg 768w\" sizes=\"(max-width: 767px) 89vw, (max-width: 1000px) 54vw, (max-width: 1071px) 543px, 580px\" \/><figcaption class=\"blocks-gallery-item__caption\">roue 2m en pehd<\/figcaption><\/figure><\/li><li class=\"blocks-gallery-item\"><figure><img loading=\"lazy\" width=\"1024\" height=\"768\" src=\"http:\/\/spirutech.fr\/wp-content\/uploads\/2018\/12\/roue-a-aube-torsad\u00e9-1024x768.jpg\" alt=\"\" data-id=\"84\" data-full-url=\"http:\/\/spirutech.fr\/wp-content\/uploads\/2018\/12\/roue-a-aube-torsad\u00e9.jpg\" data-link=\"http:\/\/spirutech.fr\/roue-a-aube-torsade\/\" class=\"wp-image-84\" srcset=\"https:\/\/www.spirutech.fr\/wp-content\/uploads\/2018\/12\/roue-a-aube-torsad\u00e9.jpg 1024w, https:\/\/www.spirutech.fr\/wp-content\/uploads\/2018\/12\/roue-a-aube-torsad\u00e9-300x225.jpg 300w, https:\/\/www.spirutech.fr\/wp-content\/uploads\/2018\/12\/roue-a-aube-torsad\u00e9-768x576.jpg 768w\" sizes=\"(max-width: 767px) 89vw, (max-width: 1000px) 54vw, (max-width: 1071px) 543px, 580px\" \/><figcaption class=\"blocks-gallery-item__caption\">roue 4m en pehd<\/figcaption><\/figure><\/li><li class=\"blocks-gallery-item\"><figure><img loading=\"lazy\" width=\"1024\" height=\"768\" src=\"http:\/\/spirutech.fr\/wp-content\/uploads\/2022\/01\/IMG_20191115_161007-1-1024x768.jpg\" alt=\"\" data-id=\"207\" data-full-url=\"http:\/\/spirutech.fr\/wp-content\/uploads\/2022\/01\/IMG_20191115_161007-1-scaled.jpg\" data-link=\"http:\/\/spirutech.fr\/dav-2-2\/\" class=\"wp-image-207\" srcset=\"https:\/\/www.spirutech.fr\/wp-content\/uploads\/2022\/01\/IMG_20191115_161007-1-1024x768.jpg 1024w, https:\/\/www.spirutech.fr\/wp-content\/uploads\/2022\/01\/IMG_20191115_161007-1-300x225.jpg 300w, https:\/\/www.spirutech.fr\/wp-content\/uploads\/2022\/01\/IMG_20191115_161007-1-768x576.jpg 768w, https:\/\/www.spirutech.fr\/wp-content\/uploads\/2022\/01\/IMG_20191115_161007-1-1536x1152.jpg 1536w, https:\/\/www.spirutech.fr\/wp-content\/uploads\/2022\/01\/IMG_20191115_161007-1-2048x1536.jpg 2048w\" sizes=\"(max-width: 767px) 89vw, (max-width: 1000px) 54vw, (max-width: 1071px) 543px, 580px\" \/><figcaption class=\"blocks-gallery-item__caption\">roues inox pour une ferme de 1600m2<\/figcaption><\/figure><\/li><li class=\"blocks-gallery-item\"><figure><img loading=\"lazy\" width=\"510\" height=\"768\" src=\"http:\/\/spirutech.fr\/wp-content\/uploads\/2018\/12\/bimoteur-roue-a-aube.jpg\" alt=\"\" data-id=\"91\" data-full-url=\"http:\/\/spirutech.fr\/wp-content\/uploads\/2018\/12\/bimoteur-roue-a-aube.jpg\" data-link=\"http:\/\/spirutech.fr\/index.php\/accueil\/bimoteur-roue-a-aube\/\" class=\"wp-image-91\" srcset=\"https:\/\/www.spirutech.fr\/wp-content\/uploads\/2018\/12\/bimoteur-roue-a-aube.jpg 510w, https:\/\/www.spirutech.fr\/wp-content\/uploads\/2018\/12\/bimoteur-roue-a-aube-199x300.jpg 199w\" sizes=\"(max-width: 510px) 100vw, 510px\" \/><figcaption class=\"blocks-gallery-item__caption\">motorisation tandem <\/figcaption><\/figure><\/li><li class=\"blocks-gallery-item\"><figure><img loading=\"lazy\" width=\"1024\" height=\"768\" src=\"http:\/\/spirutech.fr\/wp-content\/uploads\/2018\/12\/IMG_20180831_092637-1024x768.jpg\" alt=\"\" data-id=\"52\" data-full-url=\"http:\/\/spirutech.fr\/wp-content\/uploads\/2018\/12\/IMG_20180831_092637.jpg\" data-link=\"http:\/\/spirutech.fr\/index.php\/a-propos-de\/img_20180831_092637\/\" class=\"wp-image-52\" srcset=\"https:\/\/www.spirutech.fr\/wp-content\/uploads\/2018\/12\/IMG_20180831_092637.jpg 1024w, https:\/\/www.spirutech.fr\/wp-content\/uploads\/2018\/12\/IMG_20180831_092637-300x225.jpg 300w, https:\/\/www.spirutech.fr\/wp-content\/uploads\/2018\/12\/IMG_20180831_092637-768x576.jpg 768w\" sizes=\"(max-width: 767px) 89vw, (max-width: 1000px) 54vw, (max-width: 1071px) 543px, 580px\" \/><figcaption class=\"blocks-gallery-item__caption\">motorisation tandem <\/figcaption><\/figure><\/li><\/ul><\/figure>\n\n\n\n<p>pour une agitation a basse consommation d&rsquo;\u00e9nergie, la roue a aube a toujours \u00e9t\u00e9 le premier choix. D&rsquo;autres facteurs comme la long\u00e9vit\u00e9 et le nettoyage ont d\u00e9fini l&rsquo;\u00e9volution par la suite. <\/p>\n\n\n\n<p>Dans la ferme de Spiruline Solaire, la motorisation est rest\u00e9e fid\u00e8le a ses debuts: un <strong>tandem<\/strong> compos\u00e9 de deux arri\u00e8re-trains de VTT r\u00e9li\u00e9s aux moteurs par courroie. <\/p>\n\n\n\n<p>La partie Solaire est assur\u00e9 par une disqueuse grand format reli\u00e9 directement aux panneaux solaires 48V courant continu. Ainsi au moindre rayon de soleil la roue se met a tourner. (Merci Peter Schilling!)<\/p>\n\n\n\n<p>L&rsquo;autre courroie est reli\u00e9e a un moteur 220V qui tourne sur le reseau priv\u00e9 de la ferme. Le courant est issu d&rsquo;un ondulateur et d&rsquo;un parc de batteries solaires.  Il ne sert qu&rsquo;exeptionellement pour agiter la nuit ou pendant les recoltes a temps couvert. <\/p>\n","protected":false},"excerpt":{"rendered":"<p>pour une agitation a basse consommation d&rsquo;\u00e9nergie, la roue a aube a toujours \u00e9t\u00e9 le premier choix. D&rsquo;autres facteurs comme la long\u00e9vit\u00e9 et le nettoyage ont d\u00e9fini l&rsquo;\u00e9volution par la suite. Dans la ferme de Spiruline Solaire, la motorisation est rest\u00e9e fid\u00e8le a ses debuts: un tandem compos\u00e9 de deux arri\u00e8re-trains de VTT r\u00e9li\u00e9s aux &hellip; <\/p>\n<p class=\"link-more\"><a href=\"https:\/\/www.spirutech.fr\/index.php\/ca-rame\/\" class=\"more-link\">Continuer la lecture<span class=\"screen-reader-text\"> de &laquo;&nbsp;\u00e7a rame&#8230;&nbsp;&raquo;<\/span><\/a><\/p>\n","protected":false},"author":1,"featured_media":0,"parent":0,"menu_order":0,"comment_status":"closed","ping_status":"closed","template":"","meta":[],"_links":{"self":[{"href":"https:\/\/www.spirutech.fr\/index.php\/wp-json\/wp\/v2\/pages\/314"}],"collection":[{"href":"https:\/\/www.spirutech.fr\/index.php\/wp-json\/wp\/v2\/pages"}],"about":[{"href":"https:\/\/www.spirutech.fr\/index.php\/wp-json\/wp\/v2\/types\/page"}],"author":[{"embeddable":true,"href":"https:\/\/www.spirutech.fr\/index.php\/wp-json\/wp\/v2\/users\/1"}],"replies":[{"embeddable":true,"href":"https:\/\/www.spirutech.fr\/index.php\/wp-json\/wp\/v2\/comments?post=314"}],"version-history":[{"count":1,"href":"https:\/\/www.spirutech.fr\/index.php\/wp-json\/wp\/v2\/pages\/314\/revisions"}],"predecessor-version":[{"id":315,"href":"https:\/\/www.spirutech.fr\/index.php\/wp-json\/wp\/v2\/pages\/314\/revisions\/315"}],"wp:attachment":[{"href":"https:\/\/www.spirutech.fr\/index.php\/wp-json\/wp\/v2\/media?parent=314"}],"curies":[{"name":"wp","href":"https:\/\/api.w.org\/{rel}","templated":true}]}}