{"id":304,"date":"2022-01-29T14:42:24","date_gmt":"2022-01-29T13:42:24","guid":{"rendered":"http:\/\/spirutech.fr\/?page_id=304"},"modified":"2022-01-29T14:44:57","modified_gmt":"2022-01-29T13:44:57","slug":"presse-sous-vide","status":"publish","type":"page","link":"https:\/\/www.spirutech.fr\/index.php\/presse-sous-vide\/","title":{"rendered":"Presse sous Vide"},"content":{"rendered":"\n<p>Le Pressage est la deuxi\u00e8me \u00e9tape cruciale de la recolte. La qualit\u00e9 de la spiruline d\u00e9pend grandement de l&rsquo;\u00e9limination du milieu de culture de la biomasse humide.<\/p>\n\n\n\n<p>Il existe de nombreuses techniques de pressage. Presses m\u00e9caniques, hydrauliques, centrifuges, presses a air comprim\u00e9, presses aspiration ouverte et presses sous vide.<\/p>\n\n\n\n<p><strong>La Presse sous vide r\u00e9unit une forte densit\u00e9 de pression avec une structure l\u00e9g\u00e8re et \u00e9conome en \u00e9nergie.<\/strong> <\/p>\n\n\n\n<figure class=\"wp-block-image size-large\"><img loading=\"lazy\" width=\"1024\" height=\"768\" src=\"http:\/\/spirutech.fr\/wp-content\/uploads\/2018\/12\/DSCF2259-1024x768.jpg\" alt=\"\" class=\"wp-image-40\" srcset=\"https:\/\/www.spirutech.fr\/wp-content\/uploads\/2018\/12\/DSCF2259.jpg 1024w, https:\/\/www.spirutech.fr\/wp-content\/uploads\/2018\/12\/DSCF2259-300x225.jpg 300w, https:\/\/www.spirutech.fr\/wp-content\/uploads\/2018\/12\/DSCF2259-768x576.jpg 768w\" sizes=\"(max-width: 767px) 89vw, (max-width: 1000px) 54vw, (max-width: 1071px) 543px, 580px\" \/><figcaption>syst\u00e8me de pr\u00e8ssage sous vide: mallete, reservoir, sas de s\u00e9curit\u00e9 avec vacuometre et pompe a vide<\/figcaption><\/figure>\n","protected":false},"excerpt":{"rendered":"<p>Le Pressage est la deuxi\u00e8me \u00e9tape cruciale de la recolte. La qualit\u00e9 de la spiruline d\u00e9pend grandement de l&rsquo;\u00e9limination du milieu de culture de la biomasse humide. Il existe de nombreuses techniques de pressage. Presses m\u00e9caniques, hydrauliques, centrifuges, presses a air comprim\u00e9, presses aspiration ouverte et presses sous vide. La Presse sous vide r\u00e9unit une &hellip; <\/p>\n<p class=\"link-more\"><a href=\"https:\/\/www.spirutech.fr\/index.php\/presse-sous-vide\/\" class=\"more-link\">Continuer la lecture<span class=\"screen-reader-text\"> de &laquo;&nbsp;Presse sous Vide&nbsp;&raquo;<\/span><\/a><\/p>\n","protected":false},"author":1,"featured_media":107,"parent":0,"menu_order":0,"comment_status":"closed","ping_status":"closed","template":"","meta":[],"_links":{"self":[{"href":"https:\/\/www.spirutech.fr\/index.php\/wp-json\/wp\/v2\/pages\/304"}],"collection":[{"href":"https:\/\/www.spirutech.fr\/index.php\/wp-json\/wp\/v2\/pages"}],"about":[{"href":"https:\/\/www.spirutech.fr\/index.php\/wp-json\/wp\/v2\/types\/page"}],"author":[{"embeddable":true,"href":"https:\/\/www.spirutech.fr\/index.php\/wp-json\/wp\/v2\/users\/1"}],"replies":[{"embeddable":true,"href":"https:\/\/www.spirutech.fr\/index.php\/wp-json\/wp\/v2\/comments?post=304"}],"version-history":[{"count":1,"href":"https:\/\/www.spirutech.fr\/index.php\/wp-json\/wp\/v2\/pages\/304\/revisions"}],"predecessor-version":[{"id":305,"href":"https:\/\/www.spirutech.fr\/index.php\/wp-json\/wp\/v2\/pages\/304\/revisions\/305"}],"wp:featuredmedia":[{"embeddable":true,"href":"https:\/\/www.spirutech.fr\/index.php\/wp-json\/wp\/v2\/media\/107"}],"wp:attachment":[{"href":"https:\/\/www.spirutech.fr\/index.php\/wp-json\/wp\/v2\/media?parent=304"}],"curies":[{"name":"wp","href":"https:\/\/api.w.org\/{rel}","templated":true}]}}