{"id":279,"date":"2022-01-29T11:33:10","date_gmt":"2022-01-29T10:33:10","guid":{"rendered":"http:\/\/spirutech.fr\/?page_id=279"},"modified":"2022-01-29T12:04:21","modified_gmt":"2022-01-29T11:04:21","slug":"bassin-a-taille-variable","status":"publish","type":"page","link":"https:\/\/www.spirutech.fr\/index.php\/bassin-a-taille-variable\/","title":{"rendered":"Bassin \u00e0 taille variable"},"content":{"rendered":"\n<figure class=\"wp-block-gallery columns-3 is-cropped\"><ul class=\"blocks-gallery-grid\"><li class=\"blocks-gallery-item\"><figure><img loading=\"lazy\" width=\"1024\" height=\"768\" src=\"http:\/\/spirutech.fr\/wp-content\/uploads\/2018\/12\/bassin-variable-1024x768.jpg\" alt=\"\" data-id=\"90\" data-full-url=\"http:\/\/spirutech.fr\/wp-content\/uploads\/2018\/12\/bassin-variable.jpg\" data-link=\"http:\/\/spirutech.fr\/index.php\/autres-inventions\/bassin-variable\/\" class=\"wp-image-90\" srcset=\"https:\/\/www.spirutech.fr\/wp-content\/uploads\/2018\/12\/bassin-variable.jpg 1024w, https:\/\/www.spirutech.fr\/wp-content\/uploads\/2018\/12\/bassin-variable-300x225.jpg 300w, https:\/\/www.spirutech.fr\/wp-content\/uploads\/2018\/12\/bassin-variable-768x576.jpg 768w\" sizes=\"(max-width: 767px) 89vw, (max-width: 1000px) 54vw, (max-width: 1071px) 543px, 580px\" \/><figcaption class=\"blocks-gallery-item__caption\">bassin en phase de test<\/figcaption><\/figure><\/li><li class=\"blocks-gallery-item\"><figure><img loading=\"lazy\" width=\"1024\" height=\"768\" src=\"http:\/\/spirutech.fr\/wp-content\/uploads\/2018\/12\/structure-couvercle-1024x768.jpg\" alt=\"\" data-id=\"74\" data-full-url=\"http:\/\/spirutech.fr\/wp-content\/uploads\/2018\/12\/structure-couvercle.jpg\" data-link=\"http:\/\/spirutech.fr\/structure-couvercle\/\" class=\"wp-image-74\" srcset=\"https:\/\/www.spirutech.fr\/wp-content\/uploads\/2018\/12\/structure-couvercle.jpg 1024w, https:\/\/www.spirutech.fr\/wp-content\/uploads\/2018\/12\/structure-couvercle-300x225.jpg 300w, https:\/\/www.spirutech.fr\/wp-content\/uploads\/2018\/12\/structure-couvercle-768x576.jpg 768w\" sizes=\"(max-width: 767px) 89vw, (max-width: 1000px) 54vw, (max-width: 1071px) 543px, 580px\" \/><figcaption class=\"blocks-gallery-item__caption\">structure du couvercle<\/figcaption><\/figure><\/li><li class=\"blocks-gallery-item\"><figure><img loading=\"lazy\" width=\"576\" height=\"768\" src=\"http:\/\/spirutech.fr\/wp-content\/uploads\/2018\/12\/separation-centrale-suspendue.jpg\" alt=\"\" data-id=\"70\" data-full-url=\"http:\/\/spirutech.fr\/wp-content\/uploads\/2018\/12\/separation-centrale-suspendue.jpg\" data-link=\"http:\/\/spirutech.fr\/separation-centrale-suspendue\/\" class=\"wp-image-70\" srcset=\"https:\/\/www.spirutech.fr\/wp-content\/uploads\/2018\/12\/separation-centrale-suspendue.jpg 576w, https:\/\/www.spirutech.fr\/wp-content\/uploads\/2018\/12\/separation-centrale-suspendue-225x300.jpg 225w\" sizes=\"(max-width: 576px) 100vw, 576px\" \/><figcaption class=\"blocks-gallery-item__caption\">paroie centrale amovible<\/figcaption><\/figure><\/li><li class=\"blocks-gallery-item\"><figure><img loading=\"lazy\" width=\"1024\" height=\"768\" src=\"http:\/\/spirutech.fr\/wp-content\/uploads\/2018\/12\/rouleau-bassin-variable-1024x768.jpg\" alt=\"\" data-id=\"113\" data-full-url=\"http:\/\/spirutech.fr\/wp-content\/uploads\/2018\/12\/rouleau-bassin-variable.jpg\" data-link=\"http:\/\/spirutech.fr\/index.php\/autres-inventions\/rouleau-bassin-variable\/\" class=\"wp-image-113\" srcset=\"https:\/\/www.spirutech.fr\/wp-content\/uploads\/2018\/12\/rouleau-bassin-variable.jpg 1024w, https:\/\/www.spirutech.fr\/wp-content\/uploads\/2018\/12\/rouleau-bassin-variable-300x225.jpg 300w, https:\/\/www.spirutech.fr\/wp-content\/uploads\/2018\/12\/rouleau-bassin-variable-768x576.jpg 768w\" sizes=\"(max-width: 767px) 89vw, (max-width: 1000px) 54vw, (max-width: 1071px) 543px, 580px\" \/><figcaption class=\"blocks-gallery-item__caption\">poulies pour cables croise\u00e9s<\/figcaption><\/figure><\/li><li class=\"blocks-gallery-item\"><figure><img loading=\"lazy\" width=\"1024\" height=\"768\" src=\"http:\/\/spirutech.fr\/wp-content\/uploads\/2018\/12\/\u00e9lement-fil-crois\u00e9-tournant-1024x768.jpg\" alt=\"\" data-id=\"96\" data-full-url=\"http:\/\/spirutech.fr\/wp-content\/uploads\/2018\/12\/\u00e9lement-fil-crois\u00e9-tournant.jpg\" data-link=\"http:\/\/spirutech.fr\/element-fil-croise-tournant\/\" class=\"wp-image-96\" srcset=\"https:\/\/www.spirutech.fr\/wp-content\/uploads\/2018\/12\/\u00e9lement-fil-crois\u00e9-tournant.jpg 1024w, https:\/\/www.spirutech.fr\/wp-content\/uploads\/2018\/12\/\u00e9lement-fil-crois\u00e9-tournant-300x225.jpg 300w, https:\/\/www.spirutech.fr\/wp-content\/uploads\/2018\/12\/\u00e9lement-fil-crois\u00e9-tournant-768x576.jpg 768w\" sizes=\"(max-width: 767px) 89vw, (max-width: 1000px) 54vw, (max-width: 1071px) 543px, 580px\" \/><figcaption class=\"blocks-gallery-item__caption\">mod\u00e8le du guide des cables crois\u00e9es<\/figcaption><\/figure><\/li><li class=\"blocks-gallery-item\"><figure><img loading=\"lazy\" width=\"1024\" height=\"768\" src=\"http:\/\/spirutech.fr\/wp-content\/uploads\/2018\/12\/moteur-bassin-variable-1024x768.jpg\" alt=\"\" data-id=\"100\" data-full-url=\"http:\/\/spirutech.fr\/wp-content\/uploads\/2018\/12\/moteur-bassin-variable.jpg\" data-link=\"http:\/\/spirutech.fr\/index.php\/autres-inventions\/moteur-bassin-variable\/\" class=\"wp-image-100\" srcset=\"https:\/\/www.spirutech.fr\/wp-content\/uploads\/2018\/12\/moteur-bassin-variable.jpg 1024w, https:\/\/www.spirutech.fr\/wp-content\/uploads\/2018\/12\/moteur-bassin-variable-300x225.jpg 300w, https:\/\/www.spirutech.fr\/wp-content\/uploads\/2018\/12\/moteur-bassin-variable-768x576.jpg 768w\" sizes=\"(max-width: 767px) 89vw, (max-width: 1000px) 54vw, (max-width: 1071px) 543px, 580px\" \/><figcaption class=\"blocks-gallery-item__caption\">poulie pour cables croisees<\/figcaption><\/figure><\/li><\/ul><figcaption class=\"blocks-gallery-caption\">projet audacieux pour pouvoir agrandir le bassin en phase de croissance et permettre une vidange compl\u00e8te tous les soirs pour entreposer la spiruline dans une cuve isol\u00e9e. Il fallait un rouleau tournant a contresens sur deux rouleaux plus petits, tir\u00e9e par cable, stabilis\u00e9 par fils crois\u00e9es (fixes a l&rsquo;int\u00e9rieur du rouleau!), une barri\u00e8re centrale amovible, etc&#8230;<br>Mauvaise id\u00e9e de faire cela sur un sol en terre damm\u00e9e sous une bache de 200 microns! au bout de quelques aller-retours tout c&rsquo;est d\u00e9chir\u00e9 et enbourb\u00e9e. Fin de l&rsquo;histoire.<\/figcaption><\/figure>\n\n\n\n<p><\/p>\n","protected":false},"excerpt":{"rendered":"","protected":false},"author":1,"featured_media":0,"parent":0,"menu_order":0,"comment_status":"closed","ping_status":"closed","template":"","meta":[],"_links":{"self":[{"href":"https:\/\/www.spirutech.fr\/index.php\/wp-json\/wp\/v2\/pages\/279"}],"collection":[{"href":"https:\/\/www.spirutech.fr\/index.php\/wp-json\/wp\/v2\/pages"}],"about":[{"href":"https:\/\/www.spirutech.fr\/index.php\/wp-json\/wp\/v2\/types\/page"}],"author":[{"embeddable":true,"href":"https:\/\/www.spirutech.fr\/index.php\/wp-json\/wp\/v2\/users\/1"}],"replies":[{"embeddable":true,"href":"https:\/\/www.spirutech.fr\/index.php\/wp-json\/wp\/v2\/comments?post=279"}],"version-history":[{"count":2,"href":"https:\/\/www.spirutech.fr\/index.php\/wp-json\/wp\/v2\/pages\/279\/revisions"}],"predecessor-version":[{"id":288,"href":"https:\/\/www.spirutech.fr\/index.php\/wp-json\/wp\/v2\/pages\/279\/revisions\/288"}],"wp:attachment":[{"href":"https:\/\/www.spirutech.fr\/index.php\/wp-json\/wp\/v2\/media?parent=279"}],"curies":[{"name":"wp","href":"https:\/\/api.w.org\/{rel}","templated":true}]}}