{"id":271,"date":"2022-01-29T11:13:17","date_gmt":"2022-01-29T10:13:17","guid":{"rendered":"http:\/\/spirutech.fr\/?page_id=271"},"modified":"2022-01-29T11:52:20","modified_gmt":"2022-01-29T10:52:20","slug":"le-spiruterrasseur","status":"publish","type":"page","link":"https:\/\/www.spirutech.fr\/index.php\/le-spiruterrasseur\/","title":{"rendered":"le spiruterrasseur"},"content":{"rendered":"\n<figure class=\"wp-block-gallery columns-3 is-cropped\"><ul class=\"blocks-gallery-grid\"><li class=\"blocks-gallery-item\"><figure><img loading=\"lazy\" width=\"576\" height=\"768\" src=\"http:\/\/spirutech.fr\/wp-content\/uploads\/2018\/12\/10-spiruterrasseur.jpg\" alt=\"\" data-id=\"88\" data-full-url=\"http:\/\/spirutech.fr\/wp-content\/uploads\/2018\/12\/10-spiruterrasseur.jpg\" data-link=\"http:\/\/spirutech.fr\/index.php\/autres-inventions\/10-spiruterrasseur\/\" class=\"wp-image-88\" srcset=\"https:\/\/www.spirutech.fr\/wp-content\/uploads\/2018\/12\/10-spiruterrasseur.jpg 576w, https:\/\/www.spirutech.fr\/wp-content\/uploads\/2018\/12\/10-spiruterrasseur-225x300.jpg 225w\" sizes=\"(max-width: 576px) 100vw, 576px\" \/><\/figure><\/li><li class=\"blocks-gallery-item\"><figure><img loading=\"lazy\" width=\"432\" height=\"768\" src=\"http:\/\/spirutech.fr\/wp-content\/uploads\/2018\/12\/spiruterasseur.jpg\" alt=\"\" data-id=\"117\" data-full-url=\"http:\/\/spirutech.fr\/wp-content\/uploads\/2018\/12\/spiruterasseur.jpg\" data-link=\"http:\/\/spirutech.fr\/index.php\/autres-inventions\/spiruterasseur\/\" class=\"wp-image-117\" srcset=\"https:\/\/www.spirutech.fr\/wp-content\/uploads\/2018\/12\/spiruterasseur.jpg 432w, https:\/\/www.spirutech.fr\/wp-content\/uploads\/2018\/12\/spiruterasseur-169x300.jpg 169w\" sizes=\"(max-width: 432px) 100vw, 432px\" \/><figcaption class=\"blocks-gallery-item__caption\">travail abrasif guid\u00e9 par syst\u00e8me coulissant<\/figcaption><\/figure><\/li><li class=\"blocks-gallery-item\"><figure><img loading=\"lazy\" width=\"1024\" height=\"576\" src=\"http:\/\/spirutech.fr\/wp-content\/uploads\/2018\/12\/resultat-terassement-1024x576.jpg\" alt=\"\" data-id=\"112\" data-full-url=\"http:\/\/spirutech.fr\/wp-content\/uploads\/2018\/12\/resultat-terassement.jpg\" data-link=\"http:\/\/spirutech.fr\/index.php\/autres-inventions\/resultat-terassement\/\" class=\"wp-image-112\" srcset=\"https:\/\/www.spirutech.fr\/wp-content\/uploads\/2018\/12\/resultat-terassement.jpg 1024w, https:\/\/www.spirutech.fr\/wp-content\/uploads\/2018\/12\/resultat-terassement-300x169.jpg 300w, https:\/\/www.spirutech.fr\/wp-content\/uploads\/2018\/12\/resultat-terassement-768x432.jpg 768w\" sizes=\"(max-width: 767px) 89vw, (max-width: 1000px) 54vw, (max-width: 1071px) 543px, 580px\" \/><figcaption class=\"blocks-gallery-item__caption\">terre tamis\u00e9e re\u00e9tal\u00e9e<\/figcaption><\/figure><\/li><li class=\"blocks-gallery-item\"><figure><img loading=\"lazy\" width=\"1024\" height=\"768\" src=\"http:\/\/spirutech.fr\/wp-content\/uploads\/2018\/12\/sol-recouvert-1024x768.jpg\" alt=\"\" data-id=\"72\" data-full-url=\"http:\/\/spirutech.fr\/wp-content\/uploads\/2018\/12\/sol-recouvert.jpg\" data-link=\"http:\/\/spirutech.fr\/index.php\/autres-inventions\/sol-recouvert\/\" class=\"wp-image-72\" srcset=\"https:\/\/www.spirutech.fr\/wp-content\/uploads\/2018\/12\/sol-recouvert.jpg 1024w, https:\/\/www.spirutech.fr\/wp-content\/uploads\/2018\/12\/sol-recouvert-300x225.jpg 300w, https:\/\/www.spirutech.fr\/wp-content\/uploads\/2018\/12\/sol-recouvert-768x576.jpg 768w\" sizes=\"(max-width: 767px) 89vw, (max-width: 1000px) 54vw, (max-width: 1071px) 543px, 580px\" \/><figcaption class=\"blocks-gallery-item__caption\">sol compress\u00e9 sous feutre<\/figcaption><\/figure><\/li><li class=\"blocks-gallery-item\"><figure><img loading=\"lazy\" width=\"576\" height=\"768\" src=\"http:\/\/spirutech.fr\/wp-content\/uploads\/2018\/12\/construction-du-spiruterrasseur.jpg\" alt=\"\" data-id=\"92\" data-full-url=\"http:\/\/spirutech.fr\/wp-content\/uploads\/2018\/12\/construction-du-spiruterrasseur.jpg\" data-link=\"http:\/\/spirutech.fr\/construction-du-spiruterrasseur\/\" class=\"wp-image-92\" srcset=\"https:\/\/www.spirutech.fr\/wp-content\/uploads\/2018\/12\/construction-du-spiruterrasseur.jpg 576w, https:\/\/www.spirutech.fr\/wp-content\/uploads\/2018\/12\/construction-du-spiruterrasseur-225x300.jpg 225w\" sizes=\"(max-width: 576px) 100vw, 576px\" \/><figcaption class=\"blocks-gallery-item__caption\">d\u00e9montage d&rsquo;un perforateur<\/figcaption><\/figure><\/li><li class=\"blocks-gallery-item\"><figure><img loading=\"lazy\" width=\"1024\" height=\"768\" src=\"http:\/\/spirutech.fr\/wp-content\/uploads\/2018\/12\/spiruterrasseur-premier-essay-1024x768.jpg\" alt=\"\" data-id=\"118\" data-full-url=\"http:\/\/spirutech.fr\/wp-content\/uploads\/2018\/12\/spiruterrasseur-premier-essay.jpg\" data-link=\"http:\/\/spirutech.fr\/index.php\/autres-inventions\/spiruterrasseur-premier-essay\/\" class=\"wp-image-118\" srcset=\"https:\/\/www.spirutech.fr\/wp-content\/uploads\/2018\/12\/spiruterrasseur-premier-essay.jpg 1024w, https:\/\/www.spirutech.fr\/wp-content\/uploads\/2018\/12\/spiruterrasseur-premier-essay-300x225.jpg 300w, https:\/\/www.spirutech.fr\/wp-content\/uploads\/2018\/12\/spiruterrasseur-premier-essay-768x576.jpg 768w\" sizes=\"(max-width: 767px) 89vw, (max-width: 1000px) 54vw, (max-width: 1071px) 543px, 580px\" \/><figcaption class=\"blocks-gallery-item__caption\">premier rateau rotatif<\/figcaption><\/figure><\/li><\/ul><figcaption class=\"blocks-gallery-caption\">pour obtenir un fond de bassin parfaitement plat la terre caillouteuse est frais\u00e9e avec une hauter fixe grace a un engin rotatif pos\u00e9 sur un syst\u00e8me de rails. Ainsi il est possible de faire une surface inclin\u00e9e de 2cm sur 25m de long, facilitant grandement les vidanges du bassin. la terre abras\u00e9e est tamis\u00e9e manuellement et re\u00e9tal\u00e9e avant d&rsquo;etre recouverte par du g\u00e9otextile <\/figcaption><\/figure>\n\n\n\n<p><\/p>\n","protected":false},"excerpt":{"rendered":"","protected":false},"author":1,"featured_media":0,"parent":0,"menu_order":0,"comment_status":"closed","ping_status":"closed","template":"","meta":[],"_links":{"self":[{"href":"https:\/\/www.spirutech.fr\/index.php\/wp-json\/wp\/v2\/pages\/271"}],"collection":[{"href":"https:\/\/www.spirutech.fr\/index.php\/wp-json\/wp\/v2\/pages"}],"about":[{"href":"https:\/\/www.spirutech.fr\/index.php\/wp-json\/wp\/v2\/types\/page"}],"author":[{"embeddable":true,"href":"https:\/\/www.spirutech.fr\/index.php\/wp-json\/wp\/v2\/users\/1"}],"replies":[{"embeddable":true,"href":"https:\/\/www.spirutech.fr\/index.php\/wp-json\/wp\/v2\/comments?post=271"}],"version-history":[{"count":4,"href":"https:\/\/www.spirutech.fr\/index.php\/wp-json\/wp\/v2\/pages\/271\/revisions"}],"predecessor-version":[{"id":285,"href":"https:\/\/www.spirutech.fr\/index.php\/wp-json\/wp\/v2\/pages\/271\/revisions\/285"}],"wp:attachment":[{"href":"https:\/\/www.spirutech.fr\/index.php\/wp-json\/wp\/v2\/media?parent=271"}],"curies":[{"name":"wp","href":"https:\/\/api.w.org\/{rel}","templated":true}]}}