{"id":184,"date":"2022-01-24T15:15:44","date_gmt":"2022-01-24T14:15:44","guid":{"rendered":"http:\/\/spirutech.fr\/?page_id=184"},"modified":"2022-01-29T15:00:16","modified_gmt":"2022-01-29T14:00:16","slug":"roue-a-aubes","status":"publish","type":"page","link":"https:\/\/www.spirutech.fr\/index.php\/roue-a-aubes\/","title":{"rendered":"Roue \u00e0 Aubes"},"content":{"rendered":"\n<p class=\"has-text-align-left\"><strong>La roue a aube est la meilleure solution pour une agitation douce et \u00e9conomique des bassins. <\/strong><\/p>\n\n\n\n<p><\/p>\n\n\n\n<p>Fabriqu\u00e9es sur mesure en acier inoxydable, les roues a aube <strong>Spirutech<\/strong> ont une forme h\u00e9lico\u00efdale unique r\u00e9duisant le poids et les forces exerc\u00e9es sur le syst\u00e8me d&rsquo;entrainement.    <\/p>\n\n\n\n<p>   Avec sa motorisation suspendue, la roue peut faire jusqu&rsquo;\u00e0 4 m d&rsquo;envergure pour un rayon de 40cm seulement. <\/p>\n\n\n\n<p>De puissance adapt\u00e9e au bassin, le moteur est muni d&rsquo;un variateur de fr\u00e9quence permettant un r\u00e9glage continu et un d\u00e9marrage lent de la roue. <\/p>\n","protected":false},"excerpt":{"rendered":"<p>La roue a aube est la meilleure solution pour une agitation douce et \u00e9conomique des bassins. Fabriqu\u00e9es sur mesure en acier inoxydable, les roues a aube Spirutech ont une forme h\u00e9lico\u00efdale unique r\u00e9duisant le poids et les forces exerc\u00e9es sur le syst\u00e8me d&rsquo;entrainement. Avec sa motorisation suspendue, la roue peut faire jusqu&rsquo;\u00e0 4 m d&rsquo;envergure &hellip; <\/p>\n<p class=\"link-more\"><a href=\"https:\/\/www.spirutech.fr\/index.php\/roue-a-aubes\/\" class=\"more-link\">Continuer la lecture<span class=\"screen-reader-text\"> de &laquo;&nbsp;Roue \u00e0 Aubes&nbsp;&raquo;<\/span><\/a><\/p>\n","protected":false},"author":1,"featured_media":207,"parent":0,"menu_order":0,"comment_status":"closed","ping_status":"closed","template":"","meta":[],"_links":{"self":[{"href":"https:\/\/www.spirutech.fr\/index.php\/wp-json\/wp\/v2\/pages\/184"}],"collection":[{"href":"https:\/\/www.spirutech.fr\/index.php\/wp-json\/wp\/v2\/pages"}],"about":[{"href":"https:\/\/www.spirutech.fr\/index.php\/wp-json\/wp\/v2\/types\/page"}],"author":[{"embeddable":true,"href":"https:\/\/www.spirutech.fr\/index.php\/wp-json\/wp\/v2\/users\/1"}],"replies":[{"embeddable":true,"href":"https:\/\/www.spirutech.fr\/index.php\/wp-json\/wp\/v2\/comments?post=184"}],"version-history":[{"count":3,"href":"https:\/\/www.spirutech.fr\/index.php\/wp-json\/wp\/v2\/pages\/184\/revisions"}],"predecessor-version":[{"id":309,"href":"https:\/\/www.spirutech.fr\/index.php\/wp-json\/wp\/v2\/pages\/184\/revisions\/309"}],"wp:featuredmedia":[{"embeddable":true,"href":"https:\/\/www.spirutech.fr\/index.php\/wp-json\/wp\/v2\/media\/207"}],"wp:attachment":[{"href":"https:\/\/www.spirutech.fr\/index.php\/wp-json\/wp\/v2\/media?parent=184"}],"curies":[{"name":"wp","href":"https:\/\/api.w.org\/{rel}","templated":true}]}}